{"id":663,"date":"2014-12-29T11:30:41","date_gmt":"2014-12-29T11:30:41","guid":{"rendered":"https:\/\/www.aguapods.com\/fr\/contact-us\/"},"modified":"2016-02-23T08:06:49","modified_gmt":"2016-02-23T08:06:49","slug":"contactez-nous","status":"publish","type":"page","link":"https:\/\/aguapods.com\/fr\/contactez-nous\/","title":{"rendered":"Contactez nous"},"content":{"rendered":"","protected":false},"excerpt":{"rendered":"","protected":false},"author":1,"featured_media":0,"parent":0,"menu_order":0,"comment_status":"open","ping_status":"open","template":"","meta":[],"yoast_head":"<!-- This site is optimized with the Yoast SEO plugin v21.8.1 - https:\/\/yoast.com\/wordpress\/plugins\/seo\/ -->\n<title>Eau potable Purificateur Soci\u00e9t\u00e9 au Canada<\/title>\n<meta name=\"description\" content=\"Aguapods soci\u00e9t\u00e9 de purificateur d&#039;eau au Canada. Sans produits chimiques de l&#039;eau potable et le traitement Process.Drinking purificateur d&#039;eau Soci\u00e9t\u00e9 au Canada.\" \/>\n<meta name=\"robots\" content=\"index, follow, max-snippet:-1, max-image-preview:large, max-video-preview:-1\" \/>\n<link rel=\"canonical\" href=\"https:\/\/aguapods.com\/fr\/contactez-nous\/\" \/>\n<meta property=\"og:locale\" content=\"fr_FR\" \/>\n<meta property=\"og:type\" content=\"article\" \/>\n<meta property=\"og:title\" content=\"Eau potable Purificateur Soci\u00e9t\u00e9 au Canada\" \/>\n<meta property=\"og:description\" content=\"Aguapods soci\u00e9t\u00e9 de purificateur d&#039;eau au Canada. Sans produits chimiques de l&#039;eau potable et le traitement Process.Drinking purificateur d&#039;eau Soci\u00e9t\u00e9 au Canada.\" \/>\n<meta property=\"og:url\" content=\"https:\/\/aguapods.com\/fr\/contactez-nous\/\" \/>\n<meta property=\"article:modified_time\" content=\"2016-02-23T08:06:49+00:00\" \/>\n<meta name=\"twitter:card\" content=\"summary_large_image\" \/>\n<script type=\"application\/ld+json\" class=\"yoast-schema-graph\">{\"@context\":\"https:\/\/schema.org\",\"@graph\":[{\"@type\":\"WebPage\",\"@id\":\"https:\/\/aguapods.com\/fr\/contactez-nous\/\",\"url\":\"https:\/\/aguapods.com\/fr\/contactez-nous\/\",\"name\":\"Eau potable Purificateur Soci\u00e9t\u00e9 au Canada\",\"isPartOf\":{\"@id\":\"http:\/\/aguapods.com\/fr\/#website\"},\"datePublished\":\"2014-12-29T11:30:41+00:00\",\"dateModified\":\"2016-02-23T08:06:49+00:00\",\"description\":\"Aguapods soci\u00e9t\u00e9 de purificateur d'eau au Canada. Sans produits chimiques de l'eau potable et le traitement Process.Drinking purificateur d'eau Soci\u00e9t\u00e9 au Canada.\",\"breadcrumb\":{\"@id\":\"https:\/\/aguapods.com\/fr\/contactez-nous\/#breadcrumb\"},\"inLanguage\":\"fr-FR\",\"potentialAction\":[{\"@type\":\"ReadAction\",\"target\":[\"https:\/\/aguapods.com\/fr\/contactez-nous\/\"]}]},{\"@type\":\"BreadcrumbList\",\"@id\":\"https:\/\/aguapods.com\/fr\/contactez-nous\/#breadcrumb\",\"itemListElement\":[{\"@type\":\"ListItem\",\"position\":1,\"name\":\"Home\",\"item\":\"http:\/\/aguapods.com\/fr\/\"},{\"@type\":\"ListItem\",\"position\":2,\"name\":\"Contactez nous\"}]},{\"@type\":\"WebSite\",\"@id\":\"http:\/\/aguapods.com\/fr\/#website\",\"url\":\"http:\/\/aguapods.com\/fr\/\",\"name\":\"\",\"description\":\"Chemical Free Drinking Water\",\"potentialAction\":[{\"@type\":\"SearchAction\",\"target\":{\"@type\":\"EntryPoint\",\"urlTemplate\":\"http:\/\/aguapods.com\/fr\/?s={search_term_string}\"},\"query-input\":\"required name=search_term_string\"}],\"inLanguage\":\"fr-FR\"}]}<\/script>\n<!-- \/ Yoast SEO plugin. -->","yoast_head_json":{"title":"Eau potable Purificateur Soci\u00e9t\u00e9 au Canada","description":"Aguapods soci\u00e9t\u00e9 de purificateur d'eau au Canada. Sans produits chimiques de l'eau potable et le traitement Process.Drinking purificateur d'eau Soci\u00e9t\u00e9 au Canada.","robots":{"index":"index","follow":"follow","max-snippet":"max-snippet:-1","max-image-preview":"max-image-preview:large","max-video-preview":"max-video-preview:-1"},"canonical":"https:\/\/aguapods.com\/fr\/contactez-nous\/","og_locale":"fr_FR","og_type":"article","og_title":"Eau potable Purificateur Soci\u00e9t\u00e9 au Canada","og_description":"Aguapods soci\u00e9t\u00e9 de purificateur d'eau au Canada. Sans produits chimiques de l'eau potable et le traitement Process.Drinking purificateur d'eau Soci\u00e9t\u00e9 au Canada.","og_url":"https:\/\/aguapods.com\/fr\/contactez-nous\/","article_modified_time":"2016-02-23T08:06:49+00:00","twitter_card":"summary_large_image","schema":{"@context":"https:\/\/schema.org","@graph":[{"@type":"WebPage","@id":"https:\/\/aguapods.com\/fr\/contactez-nous\/","url":"https:\/\/aguapods.com\/fr\/contactez-nous\/","name":"Eau potable Purificateur Soci\u00e9t\u00e9 au Canada","isPartOf":{"@id":"http:\/\/aguapods.com\/fr\/#website"},"datePublished":"2014-12-29T11:30:41+00:00","dateModified":"2016-02-23T08:06:49+00:00","description":"Aguapods soci\u00e9t\u00e9 de purificateur d'eau au Canada. Sans produits chimiques de l'eau potable et le traitement Process.Drinking purificateur d'eau Soci\u00e9t\u00e9 au Canada.","breadcrumb":{"@id":"https:\/\/aguapods.com\/fr\/contactez-nous\/#breadcrumb"},"inLanguage":"fr-FR","potentialAction":[{"@type":"ReadAction","target":["https:\/\/aguapods.com\/fr\/contactez-nous\/"]}]},{"@type":"BreadcrumbList","@id":"https:\/\/aguapods.com\/fr\/contactez-nous\/#breadcrumb","itemListElement":[{"@type":"ListItem","position":1,"name":"Home","item":"http:\/\/aguapods.com\/fr\/"},{"@type":"ListItem","position":2,"name":"Contactez nous"}]},{"@type":"WebSite","@id":"http:\/\/aguapods.com\/fr\/#website","url":"http:\/\/aguapods.com\/fr\/","name":"","description":"Chemical Free Drinking Water","potentialAction":[{"@type":"SearchAction","target":{"@type":"EntryPoint","urlTemplate":"http:\/\/aguapods.com\/fr\/?s={search_term_string}"},"query-input":"required name=search_term_string"}],"inLanguage":"fr-FR"}]}},"_links":{"self":[{"href":"https:\/\/aguapods.com\/fr\/wp-json\/wp\/v2\/pages\/663"}],"collection":[{"href":"https:\/\/aguapods.com\/fr\/wp-json\/wp\/v2\/pages"}],"about":[{"href":"https:\/\/aguapods.com\/fr\/wp-json\/wp\/v2\/types\/page"}],"author":[{"embeddable":true,"href":"https:\/\/aguapods.com\/fr\/wp-json\/wp\/v2\/users\/1"}],"replies":[{"embeddable":true,"href":"https:\/\/aguapods.com\/fr\/wp-json\/wp\/v2\/comments?post=663"}],"version-history":[{"count":2,"href":"https:\/\/aguapods.com\/fr\/wp-json\/wp\/v2\/pages\/663\/revisions"}],"predecessor-version":[{"id":679,"href":"https:\/\/aguapods.com\/fr\/wp-json\/wp\/v2\/pages\/663\/revisions\/679"}],"wp:attachment":[{"href":"https:\/\/aguapods.com\/fr\/wp-json\/wp\/v2\/media?parent=663"}],"curies":[{"name":"wp","href":"https:\/\/api.w.org\/{rel}","templated":true}]}}