{"id":683,"date":"2015-07-01T16:21:41","date_gmt":"2015-07-01T16:21:41","guid":{"rendered":"https:\/\/www.aguapods.com\/fr\/aguapods-solutions\/aguapod40\/"},"modified":"2016-02-23T08:03:19","modified_gmt":"2016-02-23T08:03:19","slug":"aguapod40","status":"publish","type":"page","link":"https:\/\/aguapods.com\/fr\/aguapods-solutions\/aguapod40\/","title":{"rendered":"Aguapod 40"},"content":{"rendered":"","protected":false},"excerpt":{"rendered":"","protected":false},"author":1,"featured_media":0,"parent":660,"menu_order":0,"comment_status":"closed","ping_status":"closed","template":"","meta":[],"yoast_head":"<!-- This site is optimized with the Yoast SEO plugin v21.8.1 - https:\/\/yoast.com\/wordpress\/plugins\/seo\/ -->\n<title>Potable Traitement de l&#039;eau | Purificateur d&#039;eau | Aguapods40<\/title>\n<meta name=\"description\" content=\"aguapods 40 est un syst\u00e8me standard con\u00e7u pour arroser processus de traitement de l&#039;eau. Le d\u00e9bit d\u00e9pend de la qualit\u00e9 de l&#039;eau fournit aguapods.\" \/>\n<meta name=\"robots\" content=\"index, follow, max-snippet:-1, max-image-preview:large, max-video-preview:-1\" \/>\n<link rel=\"canonical\" href=\"https:\/\/aguapods.com\/fr\/aguapods-solutions\/aguapod40\/\" \/>\n<meta property=\"og:locale\" content=\"fr_FR\" \/>\n<meta property=\"og:type\" content=\"article\" \/>\n<meta property=\"og:title\" content=\"Potable Traitement de l&#039;eau | Purificateur d&#039;eau | Aguapods40\" \/>\n<meta property=\"og:description\" content=\"aguapods 40 est un syst\u00e8me standard con\u00e7u pour arroser processus de traitement de l&#039;eau. Le d\u00e9bit d\u00e9pend de la qualit\u00e9 de l&#039;eau fournit aguapods.\" \/>\n<meta property=\"og:url\" content=\"https:\/\/aguapods.com\/fr\/aguapods-solutions\/aguapod40\/\" \/>\n<meta property=\"article:modified_time\" content=\"2016-02-23T08:03:19+00:00\" \/>\n<meta name=\"twitter:card\" content=\"summary_large_image\" \/>\n<script type=\"application\/ld+json\" class=\"yoast-schema-graph\">{\"@context\":\"https:\/\/schema.org\",\"@graph\":[{\"@type\":\"WebPage\",\"@id\":\"https:\/\/aguapods.com\/fr\/aguapods-solutions\/aguapod40\/\",\"url\":\"https:\/\/aguapods.com\/fr\/aguapods-solutions\/aguapod40\/\",\"name\":\"Potable Traitement de l'eau | Purificateur d'eau | Aguapods40\",\"isPartOf\":{\"@id\":\"http:\/\/aguapods.com\/fr\/#website\"},\"datePublished\":\"2015-07-01T16:21:41+00:00\",\"dateModified\":\"2016-02-23T08:03:19+00:00\",\"description\":\"aguapods 40 est un syst\u00e8me standard con\u00e7u pour arroser processus de traitement de l'eau. Le d\u00e9bit d\u00e9pend de la qualit\u00e9 de l'eau fournit aguapods.\",\"breadcrumb\":{\"@id\":\"https:\/\/aguapods.com\/fr\/aguapods-solutions\/aguapod40\/#breadcrumb\"},\"inLanguage\":\"fr-FR\",\"potentialAction\":[{\"@type\":\"ReadAction\",\"target\":[\"https:\/\/aguapods.com\/fr\/aguapods-solutions\/aguapod40\/\"]}]},{\"@type\":\"BreadcrumbList\",\"@id\":\"https:\/\/aguapods.com\/fr\/aguapods-solutions\/aguapod40\/#breadcrumb\",\"itemListElement\":[{\"@type\":\"ListItem\",\"position\":1,\"name\":\"Home\",\"item\":\"http:\/\/aguapods.com\/fr\/\"},{\"@type\":\"ListItem\",\"position\":2,\"name\":\"Aguapods Solutions\",\"item\":\"https:\/\/aguapods.com\/fr\/aguapods-solutions\/\"},{\"@type\":\"ListItem\",\"position\":3,\"name\":\"Aguapod 40\"}]},{\"@type\":\"WebSite\",\"@id\":\"http:\/\/aguapods.com\/fr\/#website\",\"url\":\"http:\/\/aguapods.com\/fr\/\",\"name\":\"\",\"description\":\"Chemical Free Drinking Water\",\"potentialAction\":[{\"@type\":\"SearchAction\",\"target\":{\"@type\":\"EntryPoint\",\"urlTemplate\":\"http:\/\/aguapods.com\/fr\/?s={search_term_string}\"},\"query-input\":\"required name=search_term_string\"}],\"inLanguage\":\"fr-FR\"}]}<\/script>\n<!-- \/ Yoast SEO plugin. -->","yoast_head_json":{"title":"Potable Traitement de l'eau | Purificateur d'eau | Aguapods40","description":"aguapods 40 est un syst\u00e8me standard con\u00e7u pour arroser processus de traitement de l'eau. Le d\u00e9bit d\u00e9pend de la qualit\u00e9 de l'eau fournit aguapods.","robots":{"index":"index","follow":"follow","max-snippet":"max-snippet:-1","max-image-preview":"max-image-preview:large","max-video-preview":"max-video-preview:-1"},"canonical":"https:\/\/aguapods.com\/fr\/aguapods-solutions\/aguapod40\/","og_locale":"fr_FR","og_type":"article","og_title":"Potable Traitement de l'eau | Purificateur d'eau | Aguapods40","og_description":"aguapods 40 est un syst\u00e8me standard con\u00e7u pour arroser processus de traitement de l'eau. Le d\u00e9bit d\u00e9pend de la qualit\u00e9 de l'eau fournit aguapods.","og_url":"https:\/\/aguapods.com\/fr\/aguapods-solutions\/aguapod40\/","article_modified_time":"2016-02-23T08:03:19+00:00","twitter_card":"summary_large_image","schema":{"@context":"https:\/\/schema.org","@graph":[{"@type":"WebPage","@id":"https:\/\/aguapods.com\/fr\/aguapods-solutions\/aguapod40\/","url":"https:\/\/aguapods.com\/fr\/aguapods-solutions\/aguapod40\/","name":"Potable Traitement de l'eau | Purificateur d'eau | Aguapods40","isPartOf":{"@id":"http:\/\/aguapods.com\/fr\/#website"},"datePublished":"2015-07-01T16:21:41+00:00","dateModified":"2016-02-23T08:03:19+00:00","description":"aguapods 40 est un syst\u00e8me standard con\u00e7u pour arroser processus de traitement de l'eau. Le d\u00e9bit d\u00e9pend de la qualit\u00e9 de l'eau fournit aguapods.","breadcrumb":{"@id":"https:\/\/aguapods.com\/fr\/aguapods-solutions\/aguapod40\/#breadcrumb"},"inLanguage":"fr-FR","potentialAction":[{"@type":"ReadAction","target":["https:\/\/aguapods.com\/fr\/aguapods-solutions\/aguapod40\/"]}]},{"@type":"BreadcrumbList","@id":"https:\/\/aguapods.com\/fr\/aguapods-solutions\/aguapod40\/#breadcrumb","itemListElement":[{"@type":"ListItem","position":1,"name":"Home","item":"http:\/\/aguapods.com\/fr\/"},{"@type":"ListItem","position":2,"name":"Aguapods Solutions","item":"https:\/\/aguapods.com\/fr\/aguapods-solutions\/"},{"@type":"ListItem","position":3,"name":"Aguapod 40"}]},{"@type":"WebSite","@id":"http:\/\/aguapods.com\/fr\/#website","url":"http:\/\/aguapods.com\/fr\/","name":"","description":"Chemical Free Drinking Water","potentialAction":[{"@type":"SearchAction","target":{"@type":"EntryPoint","urlTemplate":"http:\/\/aguapods.com\/fr\/?s={search_term_string}"},"query-input":"required name=search_term_string"}],"inLanguage":"fr-FR"}]}},"_links":{"self":[{"href":"https:\/\/aguapods.com\/fr\/wp-json\/wp\/v2\/pages\/683"}],"collection":[{"href":"https:\/\/aguapods.com\/fr\/wp-json\/wp\/v2\/pages"}],"about":[{"href":"https:\/\/aguapods.com\/fr\/wp-json\/wp\/v2\/types\/page"}],"author":[{"embeddable":true,"href":"https:\/\/aguapods.com\/fr\/wp-json\/wp\/v2\/users\/1"}],"replies":[{"embeddable":true,"href":"https:\/\/aguapods.com\/fr\/wp-json\/wp\/v2\/comments?post=683"}],"version-history":[{"count":2,"href":"https:\/\/aguapods.com\/fr\/wp-json\/wp\/v2\/pages\/683\/revisions"}],"predecessor-version":[{"id":797,"href":"https:\/\/aguapods.com\/fr\/wp-json\/wp\/v2\/pages\/683\/revisions\/797"}],"up":[{"embeddable":true,"href":"https:\/\/aguapods.com\/fr\/wp-json\/wp\/v2\/pages\/660"}],"wp:attachment":[{"href":"https:\/\/aguapods.com\/fr\/wp-json\/wp\/v2\/media?parent=683"}],"curies":[{"name":"wp","href":"https:\/\/api.w.org\/{rel}","templated":true}]}}