{"id":692,"date":"2015-07-01T16:26:02","date_gmt":"2015-07-01T16:26:02","guid":{"rendered":"https:\/\/www.aguapods.com\/fr\/aguapods-solutions\/disaster-relief\/"},"modified":"2016-02-23T08:05:35","modified_gmt":"2016-02-23T08:05:35","slug":"aide-humanitaires","status":"publish","type":"page","link":"https:\/\/aguapods.com\/fr\/aguapods-solutions\/aide-humanitaires\/","title":{"rendered":"AIDE HUMANITAIRES"},"content":{"rendered":"","protected":false},"excerpt":{"rendered":"","protected":false},"author":1,"featured_media":0,"parent":660,"menu_order":0,"comment_status":"closed","ping_status":"closed","template":"","meta":[],"yoast_head":"<!-- This site is optimized with the Yoast SEO plugin v21.8.1 - https:\/\/yoast.com\/wordpress\/plugins\/seo\/ -->\n<title>Aide Humanitaire | Traitement de l&#039;eau pr\u00e9fabriqu\u00e9 et modulaire\u00a0<\/title>\n<meta name=\"description\" content=\"Aguapods contribue \u00e0 \u00a0Aide Humanitaire\u00a0de \u00a0dans les zones sinistr\u00e9es de filtration de carbone, \u00e9change d&#039;ions, inversez \u00e9quipe d&#039;ing\u00e9nierie d&#039;osmose peut concevoir les solutions Aguapods.\" \/>\n<meta name=\"robots\" content=\"index, follow, max-snippet:-1, max-image-preview:large, max-video-preview:-1\" \/>\n<link rel=\"canonical\" href=\"https:\/\/aguapods.com\/fr\/aguapods-solutions\/aide-humanitaires\/\" \/>\n<meta property=\"og:locale\" content=\"fr_FR\" \/>\n<meta property=\"og:type\" content=\"article\" \/>\n<meta property=\"og:title\" content=\"Aide Humanitaire | Traitement de l&#039;eau pr\u00e9fabriqu\u00e9 et modulaire\u00a0\" \/>\n<meta property=\"og:description\" content=\"Aguapods contribue \u00e0 \u00a0Aide Humanitaire\u00a0de \u00a0dans les zones sinistr\u00e9es de filtration de carbone, \u00e9change d&#039;ions, inversez \u00e9quipe d&#039;ing\u00e9nierie d&#039;osmose peut concevoir les solutions Aguapods.\" \/>\n<meta property=\"og:url\" content=\"https:\/\/aguapods.com\/fr\/aguapods-solutions\/aide-humanitaires\/\" \/>\n<meta property=\"article:modified_time\" content=\"2016-02-23T08:05:35+00:00\" \/>\n<meta name=\"twitter:card\" content=\"summary_large_image\" \/>\n<script type=\"application\/ld+json\" class=\"yoast-schema-graph\">{\"@context\":\"https:\/\/schema.org\",\"@graph\":[{\"@type\":\"WebPage\",\"@id\":\"https:\/\/aguapods.com\/fr\/aguapods-solutions\/aide-humanitaires\/\",\"url\":\"https:\/\/aguapods.com\/fr\/aguapods-solutions\/aide-humanitaires\/\",\"name\":\"Aide Humanitaire | Traitement de l'eau pr\u00e9fabriqu\u00e9 et modulaire\u00a0\",\"isPartOf\":{\"@id\":\"http:\/\/aguapods.com\/fr\/#website\"},\"datePublished\":\"2015-07-01T16:26:02+00:00\",\"dateModified\":\"2016-02-23T08:05:35+00:00\",\"description\":\"Aguapods contribue \u00e0 \u00a0Aide Humanitaire\u00a0de \u00a0dans les zones sinistr\u00e9es de filtration de carbone, \u00e9change d'ions, inversez \u00e9quipe d'ing\u00e9nierie d'osmose peut concevoir les solutions Aguapods.\",\"breadcrumb\":{\"@id\":\"https:\/\/aguapods.com\/fr\/aguapods-solutions\/aide-humanitaires\/#breadcrumb\"},\"inLanguage\":\"fr-FR\",\"potentialAction\":[{\"@type\":\"ReadAction\",\"target\":[\"https:\/\/aguapods.com\/fr\/aguapods-solutions\/aide-humanitaires\/\"]}]},{\"@type\":\"BreadcrumbList\",\"@id\":\"https:\/\/aguapods.com\/fr\/aguapods-solutions\/aide-humanitaires\/#breadcrumb\",\"itemListElement\":[{\"@type\":\"ListItem\",\"position\":1,\"name\":\"Home\",\"item\":\"http:\/\/aguapods.com\/fr\/\"},{\"@type\":\"ListItem\",\"position\":2,\"name\":\"Aguapods Solutions\",\"item\":\"https:\/\/aguapods.com\/fr\/aguapods-solutions\/\"},{\"@type\":\"ListItem\",\"position\":3,\"name\":\"AIDE HUMANITAIRES\"}]},{\"@type\":\"WebSite\",\"@id\":\"http:\/\/aguapods.com\/fr\/#website\",\"url\":\"http:\/\/aguapods.com\/fr\/\",\"name\":\"\",\"description\":\"Chemical Free Drinking Water\",\"potentialAction\":[{\"@type\":\"SearchAction\",\"target\":{\"@type\":\"EntryPoint\",\"urlTemplate\":\"http:\/\/aguapods.com\/fr\/?s={search_term_string}\"},\"query-input\":\"required name=search_term_string\"}],\"inLanguage\":\"fr-FR\"}]}<\/script>\n<!-- \/ Yoast SEO plugin. -->","yoast_head_json":{"title":"Aide Humanitaire | Traitement de l'eau pr\u00e9fabriqu\u00e9 et modulaire\u00a0","description":"Aguapods contribue \u00e0 \u00a0Aide Humanitaire\u00a0de \u00a0dans les zones sinistr\u00e9es de filtration de carbone, \u00e9change d'ions, inversez \u00e9quipe d'ing\u00e9nierie d'osmose peut concevoir les solutions Aguapods.","robots":{"index":"index","follow":"follow","max-snippet":"max-snippet:-1","max-image-preview":"max-image-preview:large","max-video-preview":"max-video-preview:-1"},"canonical":"https:\/\/aguapods.com\/fr\/aguapods-solutions\/aide-humanitaires\/","og_locale":"fr_FR","og_type":"article","og_title":"Aide Humanitaire | Traitement de l'eau pr\u00e9fabriqu\u00e9 et modulaire\u00a0","og_description":"Aguapods contribue \u00e0 \u00a0Aide Humanitaire\u00a0de \u00a0dans les zones sinistr\u00e9es de filtration de carbone, \u00e9change d'ions, inversez \u00e9quipe d'ing\u00e9nierie d'osmose peut concevoir les solutions Aguapods.","og_url":"https:\/\/aguapods.com\/fr\/aguapods-solutions\/aide-humanitaires\/","article_modified_time":"2016-02-23T08:05:35+00:00","twitter_card":"summary_large_image","schema":{"@context":"https:\/\/schema.org","@graph":[{"@type":"WebPage","@id":"https:\/\/aguapods.com\/fr\/aguapods-solutions\/aide-humanitaires\/","url":"https:\/\/aguapods.com\/fr\/aguapods-solutions\/aide-humanitaires\/","name":"Aide Humanitaire | Traitement de l'eau pr\u00e9fabriqu\u00e9 et modulaire\u00a0","isPartOf":{"@id":"http:\/\/aguapods.com\/fr\/#website"},"datePublished":"2015-07-01T16:26:02+00:00","dateModified":"2016-02-23T08:05:35+00:00","description":"Aguapods contribue \u00e0 \u00a0Aide Humanitaire\u00a0de \u00a0dans les zones sinistr\u00e9es de filtration de carbone, \u00e9change d'ions, inversez \u00e9quipe d'ing\u00e9nierie d'osmose peut concevoir les solutions Aguapods.","breadcrumb":{"@id":"https:\/\/aguapods.com\/fr\/aguapods-solutions\/aide-humanitaires\/#breadcrumb"},"inLanguage":"fr-FR","potentialAction":[{"@type":"ReadAction","target":["https:\/\/aguapods.com\/fr\/aguapods-solutions\/aide-humanitaires\/"]}]},{"@type":"BreadcrumbList","@id":"https:\/\/aguapods.com\/fr\/aguapods-solutions\/aide-humanitaires\/#breadcrumb","itemListElement":[{"@type":"ListItem","position":1,"name":"Home","item":"http:\/\/aguapods.com\/fr\/"},{"@type":"ListItem","position":2,"name":"Aguapods Solutions","item":"https:\/\/aguapods.com\/fr\/aguapods-solutions\/"},{"@type":"ListItem","position":3,"name":"AIDE HUMANITAIRES"}]},{"@type":"WebSite","@id":"http:\/\/aguapods.com\/fr\/#website","url":"http:\/\/aguapods.com\/fr\/","name":"","description":"Chemical Free Drinking Water","potentialAction":[{"@type":"SearchAction","target":{"@type":"EntryPoint","urlTemplate":"http:\/\/aguapods.com\/fr\/?s={search_term_string}"},"query-input":"required name=search_term_string"}],"inLanguage":"fr-FR"}]}},"_links":{"self":[{"href":"https:\/\/aguapods.com\/fr\/wp-json\/wp\/v2\/pages\/692"}],"collection":[{"href":"https:\/\/aguapods.com\/fr\/wp-json\/wp\/v2\/pages"}],"about":[{"href":"https:\/\/aguapods.com\/fr\/wp-json\/wp\/v2\/types\/page"}],"author":[{"embeddable":true,"href":"https:\/\/aguapods.com\/fr\/wp-json\/wp\/v2\/users\/1"}],"replies":[{"embeddable":true,"href":"https:\/\/aguapods.com\/fr\/wp-json\/wp\/v2\/comments?post=692"}],"version-history":[{"count":4,"href":"https:\/\/aguapods.com\/fr\/wp-json\/wp\/v2\/pages\/692\/revisions"}],"predecessor-version":[{"id":798,"href":"https:\/\/aguapods.com\/fr\/wp-json\/wp\/v2\/pages\/692\/revisions\/798"}],"up":[{"embeddable":true,"href":"https:\/\/aguapods.com\/fr\/wp-json\/wp\/v2\/pages\/660"}],"wp:attachment":[{"href":"https:\/\/aguapods.com\/fr\/wp-json\/wp\/v2\/media?parent=692"}],"curies":[{"name":"wp","href":"https:\/\/api.w.org\/{rel}","templated":true}]}}